{"id":69,"date":"2022-09-06T15:42:42","date_gmt":"2022-09-06T15:42:42","guid":{"rendered":"http:\/\/marseille-pare-brise.fr\/?page_id=69"},"modified":"2022-10-17T16:07:05","modified_gmt":"2022-10-17T16:07:05","slug":"vitrage","status":"publish","type":"page","link":"https:\/\/marseille-pare-brise.fr\/?page_id=69","title":{"rendered":"Vitrages"},"content":{"rendered":"<p>[et_pb_section fb_built=\u00a0\u00bb1&Prime; fullwidth=\u00a0\u00bbon\u00a0\u00bb next_background_color=\u00a0\u00bb#000000&Prime; _builder_version=\u00a0\u00bb4.17.6&Prime; _module_preset=\u00a0\u00bbdefault\u00a0\u00bb bottom_divider_style=\u00a0\u00bbslant2&Prime; global_colors_info=\u00a0\u00bb{}\u00a0\u00bb][et_pb_fullwidth_image src=\u00a0\u00bbhttp:\/\/marseille-pare-brise.fr\/wp-content\/uploads\/2022\/09\/rear-view-mirror-835085_1920.jpg\u00a0\u00bb title_text=\u00a0\u00bbrear-view-mirror-835085_1920&Prime; _builder_version=\u00a0\u00bb4.17.6&Prime; _module_preset=\u00a0\u00bbdefault\u00a0\u00bb height=\u00a0\u00bb538px\u00a0\u00bb global_colors_info=\u00a0\u00bb{}\u00a0\u00bb][\/et_pb_fullwidth_image][\/et_pb_section][et_pb_section fb_built=\u00a0\u00bb1&Prime; _builder_version=\u00a0\u00bb4.17.6&Prime; _module_preset=\u00a0\u00bbdefault\u00a0\u00bb background_color=\u00a0\u00bb#000000&Prime; custom_padding=\u00a0\u00bb1px||1px||false|false\u00a0\u00bb global_colors_info=\u00a0\u00bb{}\u00a0\u00bb][et_pb_row _builder_version=\u00a0\u00bb4.17.6&Prime; _module_preset=\u00a0\u00bbdefault\u00a0\u00bb global_colors_info=\u00a0\u00bb{}\u00a0\u00bb][et_pb_column type=\u00a0\u00bb4_4&Prime; _builder_version=\u00a0\u00bb4.17.6&Prime; _module_preset=\u00a0\u00bbdefault\u00a0\u00bb global_colors_info=\u00a0\u00bb{}\u00a0\u00bb][et_pb_text _builder_version=\u00a0\u00bb4.17.6&Prime; _module_preset=\u00a0\u00bbdefault\u00a0\u00bb global_colors_info=\u00a0\u00bb{}\u00a0\u00bb]<\/p>\n<h1 style=\"text-align: center;\">VITRAGES\u00a0<\/h1>\n<p>[\/et_pb_text][\/et_pb_column][\/et_pb_row][\/et_pb_section][et_pb_section fb_built=\u00a0\u00bb1&Prime; disabled_on=\u00a0\u00bbon|on|off\u00a0\u00bb _builder_version=\u00a0\u00bb4.18.0&Prime; _module_preset=\u00a0\u00bbdefault\u00a0\u00bb background_color=\u00a0\u00bb#000000&Prime; custom_margin=\u00a0\u00bb||1px||false|false\u00a0\u00bb custom_padding=\u00a0\u00bb1px||1px||false|false\u00a0\u00bb global_colors_info=\u00a0\u00bb{}\u00a0\u00bb][et_pb_row _builder_version=\u00a0\u00bb4.17.6&Prime; _module_preset=\u00a0\u00bbdefault\u00a0\u00bb global_colors_info=\u00a0\u00bb{}\u00a0\u00bb][et_pb_column type=\u00a0\u00bb4_4&Prime; _builder_version=\u00a0\u00bb4.17.6&Prime; _module_preset=\u00a0\u00bbdefault\u00a0\u00bb global_colors_info=\u00a0\u00bb{}\u00a0\u00bb][et_pb_text _builder_version=\u00a0\u00bb4.17.6&Prime; _module_preset=\u00a0\u00bbdefault\u00a0\u00bb global_colors_info=\u00a0\u00bb{}\u00a0\u00bb]<\/p>\n<h3 style=\"text-align: center;\"><span style=\"color: #ffffff;\">Votre centre Marseille pare-brise r\u00e9parent tous vos vitrages\u00a0:<\/span><\/h3>\n<p>[\/et_pb_text][et_pb_image src=\u00a0\u00bbhttp:\/\/marseille-pare-brise.fr\/wp-content\/uploads\/2022\/09\/Sans-titre-9.png\u00a0\u00bb title_text=\u00a0\u00bbSans titre (9)\u00a0\u00bb _builder_version=\u00a0\u00bb4.18.0&Prime; _module_preset=\u00a0\u00bbdefault\u00a0\u00bb custom_margin=\u00a0\u00bb|||100px|false|false\u00a0\u00bb custom_padding=\u00a0\u00bb|||104px|false|false\u00a0\u00bb global_colors_info=\u00a0\u00bb{}\u00a0\u00bb][\/et_pb_image][\/et_pb_column][\/et_pb_row][\/et_pb_section][et_pb_section fb_built=\u00a0\u00bb1&Prime; disabled_on=\u00a0\u00bboff|off|on\u00a0\u00bb _builder_version=\u00a0\u00bb4.18.0&Prime; _module_preset=\u00a0\u00bbdefault\u00a0\u00bb background_color=\u00a0\u00bb#000000&Prime; global_colors_info=\u00a0\u00bb{}\u00a0\u00bb][et_pb_row _builder_version=\u00a0\u00bb4.18.0&Prime; _module_preset=\u00a0\u00bbdefault\u00a0\u00bb global_colors_info=\u00a0\u00bb{}\u00a0\u00bb][et_pb_column type=\u00a0\u00bb4_4&Prime; _builder_version=\u00a0\u00bb4.18.0&Prime; _module_preset=\u00a0\u00bbdefault\u00a0\u00bb global_colors_info=\u00a0\u00bb{}\u00a0\u00bb][et_pb_image src=\u00a0\u00bbhttp:\/\/marseille-pare-brise.fr\/wp-content\/uploads\/2022\/09\/Sans-titre-9.png\u00a0\u00bb _builder_version=\u00a0\u00bb4.18.0&Prime; _module_preset=\u00a0\u00bbdefault\u00a0\u00bb background_color=\u00a0\u00bb#000000&Prime; global_colors_info=\u00a0\u00bb{}\u00a0\u00bb][\/et_pb_image][\/et_pb_column][\/et_pb_row][\/et_pb_section][et_pb_section fb_built=\u00a0\u00bb1&Prime; _builder_version=\u00a0\u00bb4.17.6&Prime; _module_preset=\u00a0\u00bbdefault\u00a0\u00bb background_color=\u00a0\u00bb#000000&Prime; global_colors_info=\u00a0\u00bb{}\u00a0\u00bb][et_pb_row column_structure=\u00a0\u00bb1_2,1_2&Prime; disabled_on=\u00a0\u00bbon|on|off\u00a0\u00bb _builder_version=\u00a0\u00bb4.18.0&Prime; _module_preset=\u00a0\u00bbdefault\u00a0\u00bb custom_margin=\u00a0\u00bb|auto|-222px|auto||\u00a0\u00bb global_colors_info=\u00a0\u00bb{}\u00a0\u00bb][et_pb_column type=\u00a0\u00bb1_2&Prime; _builder_version=\u00a0\u00bb4.17.6&Prime; _module_preset=\u00a0\u00bbdefault\u00a0\u00bb global_colors_info=\u00a0\u00bb{}\u00a0\u00bb][et_pb_image src=\u00a0\u00bbhttp:\/\/marseille-pare-brise.fr\/wp-content\/uploads\/2022\/10\/phare.jpg\u00a0\u00bb title_text=\u00a0\u00bbphare\u00a0\u00bb _builder_version=\u00a0\u00bb4.18.0&Prime; _module_preset=\u00a0\u00bbdefault\u00a0\u00bb border_width_all=\u00a0\u00bb5px\u00a0\u00bb border_color_all=\u00a0\u00bb#FFED2B\u00a0\u00bb global_colors_info=\u00a0\u00bb{}\u00a0\u00bb][\/et_pb_image][et_pb_text _builder_version=\u00a0\u00bb4.17.6&Prime; _module_preset=\u00a0\u00bbdefault\u00a0\u00bb global_colors_info=\u00a0\u00bb{}\u00a0\u00bb]<\/p>\n<p>&nbsp;<\/p>\n<p>&nbsp;<\/p>\n<p>&nbsp;<\/p>\n<p>&nbsp;<\/p>\n<p>&nbsp;<\/p>\n<p>&nbsp;<\/p>\n<p>&nbsp;<\/p>\n<p>&nbsp;<\/p>\n<h3><\/h3>\n<h3><span style=\"color: #ffffff;\"><\/span><\/h3>\n<h3><span style=\"color: #ffffff;\"><\/span><\/h3>\n<h3><span style=\"color: #ffffff;\"><\/span><\/h3>\n<h3><span style=\"color: #ffffff;\"><\/span><\/h3>\n<h3><span style=\"color: #ffffff;\"><\/span><\/h3>\n<h3><span style=\"color: #ffffff;\"><\/span><\/h3>\n<h3><span style=\"color: #ffffff;\"><\/span><\/h3>\n<h3><span style=\"color: #ffffff;\"><\/span><\/h3>\n<h3><span style=\"color: #ffffff;\"><\/span><\/h3>\n<h3><span style=\"color: #ffffff;\"><\/span><\/h3>\n<h3><span style=\"color: #ffffff;\"><\/span><\/h3>\n<h3><span style=\"color: #ffffff;\"><\/span><\/h3>\n<h3><span style=\"color: #ffffff;\"><\/span><\/h3>\n<p>[\/et_pb_text][\/et_pb_column][et_pb_column type=\u00a0\u00bb1_2&Prime; _builder_version=\u00a0\u00bb4.17.6&Prime; _module_preset=\u00a0\u00bbdefault\u00a0\u00bb global_colors_info=\u00a0\u00bb{}\u00a0\u00bb][et_pb_text _builder_version=\u00a0\u00bb4.18.0&Prime; _module_preset=\u00a0\u00bbdefault\u00a0\u00bb custom_padding=\u00a0\u00bb118px||0px|||\u00a0\u00bb hover_enabled=\u00a0\u00bb0&Prime; text_font_size_tablet=\u00a0\u00bb\u00a0\u00bb text_font_size_phone=\u00a0\u00bb18px\u00a0\u00bb text_font_size_last_edited=\u00a0\u00bbon|phone\u00a0\u00bb global_colors_info=\u00a0\u00bb{}\u00a0\u00bb sticky_enabled=\u00a0\u00bb0&Prime;]<\/p>\n<h5 _msthash=\"164502\" _msttexthash=\"3729622\"><span style=\"color: #ffffff;\">Votre Centre Marseille Pare-Brise vous propose de rendre vos phares comme neuf\u00a0!<\/span><\/h5>\n<h5 _msthash=\"250224\" _msttexthash=\"7309224\"><span style=\"color: #ffffff;\">Nous r\u00e9novons vos optiques de phares, n\u2019h\u00e9sitez pas \u00e0 nous contacter.<\/span><\/h5>\n<p>[\/et_pb_text][\/et_pb_column][\/et_pb_row][et_pb_row column_structure=\u00a0\u00bb1_2,1_2&Prime; disabled_on=\u00a0\u00bbon|on|off\u00a0\u00bb _builder_version=\u00a0\u00bb4.18.0&Prime; _module_preset=\u00a0\u00bbdefault\u00a0\u00bb custom_margin=\u00a0\u00bb-108px|auto||auto||\u00a0\u00bb global_colors_info=\u00a0\u00bb{}\u00a0\u00bb][et_pb_column type=\u00a0\u00bb1_2&Prime; _builder_version=\u00a0\u00bb4.17.6&Prime; _module_preset=\u00a0\u00bbdefault\u00a0\u00bb global_colors_info=\u00a0\u00bb{}\u00a0\u00bb][et_pb_text _builder_version=\u00a0\u00bb4.18.0&Prime; _module_preset=\u00a0\u00bbdefault\u00a0\u00bb global_colors_info=\u00a0\u00bb{}\u00a0\u00bb]<\/p>\n<h5><\/h5>\n<h5><span _mstmutation=\"1\" _msthash=\"20491\" _msttexthash=\"65486811\"><span style=\"color: #ffffff;\" _istranslated=\"1\" _mstmutation=\"1\"><\/span><\/span><\/h5>\n<h5><span _mstmutation=\"1\" _msthash=\"20491\" _msttexthash=\"65486811\"><span style=\"color: #ffffff;\" _istranslated=\"1\" _mstmutation=\"1\"><\/span><\/span><\/h5>\n<h5><span _mstmutation=\"1\" _msthash=\"20491\" _msttexthash=\"65486811\"><span style=\"color: #ffffff;\" _istranslated=\"1\" _mstmutation=\"1\"><\/span><\/span><\/h5>\n<h5><span _mstmutation=\"1\" _msthash=\"20491\" _msttexthash=\"65486811\"><span style=\"color: #ffffff;\" _istranslated=\"1\" _mstmutation=\"1\"><\/span><\/span><\/h5>\n<h5><\/h5>\n<h5><span _mstmutation=\"1\" _msthash=\"20491\" _msttexthash=\"65486811\"><span style=\"color: #ffffff;\" _istranslated=\"1\" _mstmutation=\"1\"><\/span><\/span><\/h5>\n<h5><span _mstmutation=\"1\" _msthash=\"20491\" _msttexthash=\"65486811\"><span style=\"color: #ffffff;\" _istranslated=\"1\" _mstmutation=\"1\"><\/span><\/span><\/h5>\n<h5><span _mstmutation=\"1\" _msthash=\"20491\" _msttexthash=\"65486811\"><span style=\"color: #ffffff;\" _istranslated=\"1\" _mstmutation=\"1\"><\/span><\/span><\/h5>\n<h5><span _mstmutation=\"1\" _msthash=\"20491\" _msttexthash=\"65486811\"><span style=\"color: #ffffff;\" _istranslated=\"1\" _mstmutation=\"1\"><\/span><\/span><\/h5>\n<h5><span _mstmutation=\"1\" _msthash=\"20491\" _msttexthash=\"65486811\"><span style=\"color: #ffffff;\" _istranslated=\"1\" _mstmutation=\"1\"><\/span><\/span><\/h5>\n<h5><span _mstmutation=\"1\" _msthash=\"20491\" _msttexthash=\"65486811\"><span style=\"color: #ffffff;\" _istranslated=\"1\" _mstmutation=\"1\"><\/span><\/span><\/h5>\n<h5><span _mstmutation=\"1\" _msthash=\"20491\" _msttexthash=\"65486811\"><span style=\"color: #ffffff;\" _istranslated=\"1\" _mstmutation=\"1\"><\/span><\/span><\/h5>\n<h5><span _mstmutation=\"1\" _msthash=\"20491\" _msttexthash=\"65486811\"><span style=\"color: #ffffff;\" _istranslated=\"1\" _mstmutation=\"1\">Marseille pare-brise intervient sur tous types de vitrage, quel que soit le vitrage qui est endommag\u00e9 sur votre v\u00e9hicule nous sommes en mesure de le r\u00e9parer ou de la changer.<\/span> <br _istranslated=\"1\" _mstmutation=\"1\" \/><span style=\"color: #ffffff;\" _istranslated=\"1\" _mstmutation=\"1\">Au moindre impact sur le vitrage de votre v\u00e9hicule n\u2019attendez pas et prenez rendez-vous dans votre centre Marseillais.<\/span><\/span><\/h5>\n<h3><\/h3>\n<p>[\/et_pb_text][\/et_pb_column][et_pb_column type=\u00a0\u00bb1_2&Prime; _builder_version=\u00a0\u00bb4.17.6&Prime; _module_preset=\u00a0\u00bbdefault\u00a0\u00bb global_colors_info=\u00a0\u00bb{}\u00a0\u00bb][et_pb_image src=\u00a0\u00bbhttp:\/\/marseille-pare-brise.fr\/wp-content\/uploads\/2022\/09\/car-race-438467_1920.jpg\u00a0\u00bb title_text=\u00a0\u00bbcar-race-438467_1920&Prime; _builder_version=\u00a0\u00bb4.17.6&Prime; _module_preset=\u00a0\u00bbdefault\u00a0\u00bb border_width_all=\u00a0\u00bb5px\u00a0\u00bb border_color_all=\u00a0\u00bb#FFED2B\u00a0\u00bb global_colors_info=\u00a0\u00bb{}\u00a0\u00bb][\/et_pb_image][\/et_pb_column][\/et_pb_row][et_pb_row column_structure=\u00a0\u00bb1_2,1_2&Prime; disabled_on=\u00a0\u00bboff|off|on\u00a0\u00bb _builder_version=\u00a0\u00bb4.18.0&Prime; _module_preset=\u00a0\u00bbdefault\u00a0\u00bb global_colors_info=\u00a0\u00bb{}\u00a0\u00bb][et_pb_column type=\u00a0\u00bb1_2&Prime; _builder_version=\u00a0\u00bb4.18.0&Prime; _module_preset=\u00a0\u00bbdefault\u00a0\u00bb global_colors_info=\u00a0\u00bb{}\u00a0\u00bb][et_pb_image src=\u00a0\u00bbhttp:\/\/marseille-pare-brise.fr\/wp-content\/uploads\/2022\/10\/phare.jpg\u00a0\u00bb _builder_version=\u00a0\u00bb4.18.0&Prime; _module_preset=\u00a0\u00bbdefault\u00a0\u00bb border_width_all=\u00a0\u00bb5px\u00a0\u00bb border_color_all=\u00a0\u00bb#FFED2B\u00a0\u00bb global_colors_info=\u00a0\u00bb{}\u00a0\u00bb][\/et_pb_image][\/et_pb_column][et_pb_column type=\u00a0\u00bb1_2&Prime; _builder_version=\u00a0\u00bb4.18.0&Prime; _module_preset=\u00a0\u00bbdefault\u00a0\u00bb global_colors_info=\u00a0\u00bb{}\u00a0\u00bb][et_pb_text _builder_version=\u00a0\u00bb4.18.0&Prime; _module_preset=\u00a0\u00bbdefault\u00a0\u00bb global_colors_info=\u00a0\u00bb{}\u00a0\u00bb]<\/p>\n<h5 _msthash=\"164502\" _msttexthash=\"3729622\"><span style=\"color: #ffffff;\"><\/span><\/h5>\n<h5 _msthash=\"164502\" _msttexthash=\"3729622\"><span style=\"color: #ffffff;\"><\/span><\/h5>\n<h5 _msthash=\"164502\" _msttexthash=\"3729622\"><span style=\"color: #ffffff;\"><\/span><\/h5>\n<h5 _msthash=\"164502\" _msttexthash=\"3729622\"><span style=\"color: #ffffff;\"><\/span><\/h5>\n<h5 _msthash=\"164502\" _msttexthash=\"3729622\"><span style=\"color: #ffffff;\"><\/span><\/h5>\n<h5 _msthash=\"164502\" _msttexthash=\"3729622\"><span style=\"color: #ffffff;\"><\/span><\/h5>\n<h5 _msthash=\"164502\" _msttexthash=\"3729622\"><span style=\"color: #ffffff;\"><\/span><\/h5>\n<h5 _msthash=\"164502\" _msttexthash=\"3729622\"><span style=\"color: #ffffff;\"><\/span><\/h5>\n<h5 _msthash=\"164502\" _msttexthash=\"3729622\"><span style=\"color: #ffffff;\"><\/span><\/h5>\n<h5 _msthash=\"164502\" _msttexthash=\"3729622\"><span style=\"color: #ffffff;\">Votre Centre Marseille Pare-Brise vous propose de rendre vos phares comme neuf\u00a0!<\/span><\/h5>\n<h5 _msthash=\"250224\" _msttexthash=\"7309224\"><span style=\"color: #ffffff;\">Nous r\u00e9novons vos optiques de phares, n\u2019h\u00e9sitez pas \u00e0 nous contacter.<\/span><\/h5>\n<p>[\/et_pb_text][\/et_pb_column][\/et_pb_row][et_pb_row column_structure=\u00a0\u00bb1_2,1_2&Prime; disabled_on=\u00a0\u00bboff|off|on\u00a0\u00bb _builder_version=\u00a0\u00bb4.18.0&Prime; _module_preset=\u00a0\u00bbdefault\u00a0\u00bb global_colors_info=\u00a0\u00bb{}\u00a0\u00bb][et_pb_column type=\u00a0\u00bb1_2&Prime; _builder_version=\u00a0\u00bb4.18.0&Prime; _module_preset=\u00a0\u00bbdefault\u00a0\u00bb global_colors_info=\u00a0\u00bb{}\u00a0\u00bb][et_pb_image src=\u00a0\u00bbhttp:\/\/marseille-pare-brise.fr\/wp-content\/uploads\/2022\/09\/car-race-438467_1920.jpg\u00a0\u00bb _builder_version=\u00a0\u00bb4.18.0&Prime; _module_preset=\u00a0\u00bbdefault\u00a0\u00bb border_width_all=\u00a0\u00bb5px\u00a0\u00bb border_color_all=\u00a0\u00bb#FFED2B\u00a0\u00bb global_colors_info=\u00a0\u00bb{}\u00a0\u00bb][\/et_pb_image][\/et_pb_column][et_pb_column type=\u00a0\u00bb1_2&Prime; _builder_version=\u00a0\u00bb4.18.0&Prime; _module_preset=\u00a0\u00bbdefault\u00a0\u00bb global_colors_info=\u00a0\u00bb{}\u00a0\u00bb][et_pb_text _builder_version=\u00a0\u00bb4.18.0&Prime; _module_preset=\u00a0\u00bbdefault\u00a0\u00bb global_colors_info=\u00a0\u00bb{}\u00a0\u00bb]<\/p>\n<h5><span _mstmutation=\"1\" _msthash=\"20491\" _msttexthash=\"65486811\"><span style=\"color: #ffffff;\" _istranslated=\"1\" _mstmutation=\"1\"><\/span><\/span><\/h5>\n<h5><span _mstmutation=\"1\" _msthash=\"20491\" _msttexthash=\"65486811\"><span style=\"color: #ffffff;\" _istranslated=\"1\" _mstmutation=\"1\"><\/span><\/span><\/h5>\n<h5><span _mstmutation=\"1\" _msthash=\"20491\" _msttexthash=\"65486811\"><span style=\"color: #ffffff;\" _istranslated=\"1\" _mstmutation=\"1\"><\/span><\/span><\/h5>\n<h5><span _mstmutation=\"1\" _msthash=\"20491\" _msttexthash=\"65486811\"><span style=\"color: #ffffff;\" _istranslated=\"1\" _mstmutation=\"1\"><\/span><\/span><\/h5>\n<h5><span _mstmutation=\"1\" _msthash=\"20491\" _msttexthash=\"65486811\"><span style=\"color: #ffffff;\" _istranslated=\"1\" _mstmutation=\"1\"><\/span><\/span><\/h5>\n<h5><span _mstmutation=\"1\" _msthash=\"20491\" _msttexthash=\"65486811\"><span style=\"color: #ffffff;\" _istranslated=\"1\" _mstmutation=\"1\"><\/span><\/span><\/h5>\n<h5><span _mstmutation=\"1\" _msthash=\"20491\" _msttexthash=\"65486811\"><span style=\"color: #ffffff;\" _istranslated=\"1\" _mstmutation=\"1\">Marseille pare-brise intervient sur tous types de vitrage, quel que soit le vitrage qui est endommag\u00e9 sur votre v\u00e9hicule nous sommes en mesure de le r\u00e9parer ou de la changer.<\/span> <br _istranslated=\"1\" _mstmutation=\"1\" \/><span style=\"color: #ffffff;\" _istranslated=\"1\" _mstmutation=\"1\">Au moindre impact sur le vitrage de votre v\u00e9hicule n\u2019attendez pas et prenez rendez-vous dans votre centre Marseillais.<\/span><\/span><\/h5>\n<p>[\/et_pb_text][\/et_pb_column][\/et_pb_row][\/et_pb_section][et_pb_section fb_built=\u00a0\u00bb1&Prime; _builder_version=\u00a0\u00bb4.17.6&Prime; _module_preset=\u00a0\u00bbdefault\u00a0\u00bb background_color=\u00a0\u00bb#000000&Prime; custom_margin=\u00a0\u00bb-80px||||false|false\u00a0\u00bb custom_padding=\u00a0\u00bb1px||1px||false|false\u00a0\u00bb global_colors_info=\u00a0\u00bb{}\u00a0\u00bb][et_pb_row column_structure=\u00a0\u00bb1_2,1_2&Prime; _builder_version=\u00a0\u00bb4.17.6&Prime; _module_preset=\u00a0\u00bbdefault\u00a0\u00bb global_colors_info=\u00a0\u00bb{}\u00a0\u00bb][et_pb_column type=\u00a0\u00bb1_2&Prime; _builder_version=\u00a0\u00bb4.17.6&Prime; _module_preset=\u00a0\u00bbdefault\u00a0\u00bb global_colors_info=\u00a0\u00bb{}\u00a0\u00bb][et_pb_image src=\u00a0\u00bbhttp:\/\/marseille-pare-brise.fr\/wp-content\/uploads\/2022\/09\/manta-1580282_1920.jpg\u00a0\u00bb title_text=\u00a0\u00bbmanta-1580282_1920&Prime; _builder_version=\u00a0\u00bb4.17.6&Prime; _module_preset=\u00a0\u00bbdefault\u00a0\u00bb border_width_all=\u00a0\u00bb5px\u00a0\u00bb border_color_all=\u00a0\u00bb#FFED2B\u00a0\u00bb global_colors_info=\u00a0\u00bb{}\u00a0\u00bb][\/et_pb_image][\/et_pb_column][et_pb_column type=\u00a0\u00bb1_2&Prime; _builder_version=\u00a0\u00bb4.17.6&Prime; _module_preset=\u00a0\u00bbdefault\u00a0\u00bb global_colors_info=\u00a0\u00bb{}\u00a0\u00bb][et_pb_text _builder_version=\u00a0\u00bb4.18.0&Prime; _module_preset=\u00a0\u00bbdefault\u00a0\u00bb global_colors_info=\u00a0\u00bb{}\u00a0\u00bb]<\/p>\n<h3><span style=\"color: #ffffff;\"><\/span><\/h3>\n<h3><span style=\"color: #ffffff;\"><\/span><\/h3>\n<h3><span style=\"color: #ffffff;\"><\/span><\/h3>\n<h3><span style=\"color: #ffffff;\"><\/span><\/h3>\n<h3><span style=\"color: #ffffff;\"><\/span><\/h3>\n<h3><span style=\"color: #ffffff;\"><\/span><\/h3>\n<h3><span style=\"color: #ffffff;\"><\/span><\/h3>\n<h3><span style=\"color: #ffffff;\"><\/span><\/h3>\n<h3><span style=\"color: #ffffff;\"><\/span><\/h3>\n<h3><span style=\"color: #ffffff;\"><\/span><\/h3>\n<h3><span style=\"color: #ffffff;\"><\/span><\/h3>\n<h3 _msthash=\"1868256\" _msttexthash=\"311798162\"><span style=\"color: #ffffff;\" _istranslated=\"1\">Les autres vitrages <span style=\"font-size: large;\" _istranslated=\"1\">de <\/span>votre v\u00e9hicule n\u00e9cessitent une intervention diff\u00e9rente que sur un pare-brise. G\u00e9n\u00e9ralement sur un vitrage de taille plus petit qu\u2019un pare-brise nous sommes dans l\u2019obligation de changer votre vitrage pour votre s\u00e9curit\u00e9. <\/span><br _istranslated=\"1\" \/><span style=\"color: #ffffff;\" _istranslated=\"1\">Un pare-brise \u00e9tant une surface plus important, nous sommes en mesure de le r\u00e9parer sans vous mettre en danger. En revanche sur une surface plus petite il est plus compliqu\u00e9. C\u2019est pour cela que nous le rempla\u00e7ons. <\/span><br _istranslated=\"1\" \/><span style=\"color: #ffffff;\" _istranslated=\"1\">Pour se faire, nous contactons les vitriers de la marque de votre v\u00e9hicule pour que le changement soit identique \u00e0 ce que vous aviez auparavant. <\/span> <br _istranslated=\"1\" \/><span style=\"color: #ffffff;\" _istranslated=\"1\">Suite \u00e0 cela nous rempla\u00e7ons le vitrage tout en respectant la norme europ\u00e9enne 43R.<\/span><\/h3>\n<p>[\/et_pb_text][\/et_pb_column][\/et_pb_row][\/et_pb_section]<\/p>\n","protected":false},"excerpt":{"rendered":"<p>VITRAGES\u00a0Votre centre Marseille pare-brise r\u00e9parent tous vos vitrages\u00a0:&nbsp; &nbsp; &nbsp; &nbsp; &nbsp; &nbsp; &nbsp; &nbsp; Votre Centre Marseille Pare-Brise vous propose de rendre vos phares comme neuf\u00a0! Nous r\u00e9novons vos optiques de phares, n\u2019h\u00e9sitez pas \u00e0 nous contacter. Marseille pare-brise intervient sur tous types de vitrage, quel que soit le vitrage qui est endommag\u00e9 sur [&hellip;]<\/p>\n","protected":false},"author":1,"featured_media":0,"parent":0,"menu_order":0,"comment_status":"closed","ping_status":"closed","template":"","meta":{"_et_pb_use_builder":"on","_et_pb_old_content":"<!-- wp:divi\/placeholder \/-->","_et_gb_content_width":"","om_disable_all_campaigns":false,"_monsterinsights_skip_tracking":false,"_monsterinsights_sitenote_active":false,"_monsterinsights_sitenote_note":"","_monsterinsights_sitenote_category":0,"footnotes":""},"class_list":["post-69","page","type-page","status-publish","hentry"],"aioseo_notices":[],"_links":{"self":[{"href":"https:\/\/marseille-pare-brise.fr\/index.php?rest_route=\/wp\/v2\/pages\/69","targetHints":{"allow":["GET"]}}],"collection":[{"href":"https:\/\/marseille-pare-brise.fr\/index.php?rest_route=\/wp\/v2\/pages"}],"about":[{"href":"https:\/\/marseille-pare-brise.fr\/index.php?rest_route=\/wp\/v2\/types\/page"}],"author":[{"embeddable":true,"href":"https:\/\/marseille-pare-brise.fr\/index.php?rest_route=\/wp\/v2\/users\/1"}],"replies":[{"embeddable":true,"href":"https:\/\/marseille-pare-brise.fr\/index.php?rest_route=%2Fwp%2Fv2%2Fcomments&post=69"}],"version-history":[{"count":15,"href":"https:\/\/marseille-pare-brise.fr\/index.php?rest_route=\/wp\/v2\/pages\/69\/revisions"}],"predecessor-version":[{"id":300,"href":"https:\/\/marseille-pare-brise.fr\/index.php?rest_route=\/wp\/v2\/pages\/69\/revisions\/300"}],"wp:attachment":[{"href":"https:\/\/marseille-pare-brise.fr\/index.php?rest_route=%2Fwp%2Fv2%2Fmedia&parent=69"}],"curies":[{"name":"wp","href":"https:\/\/api.w.org\/{rel}","templated":true}]}}