{"id":67,"date":"2022-09-06T15:42:24","date_gmt":"2022-09-06T15:42:24","guid":{"rendered":"http:\/\/marseille-pare-brise.fr\/?page_id=67"},"modified":"2022-10-11T09:49:16","modified_gmt":"2022-10-11T09:49:16","slug":"pare-brise","status":"publish","type":"page","link":"https:\/\/marseille-pare-brise.fr\/?page_id=67","title":{"rendered":"Pare-Brise"},"content":{"rendered":"<p>[et_pb_section fb_built=\u00a0\u00bb1&Prime; fullwidth=\u00a0\u00bbon\u00a0\u00bb next_background_color=\u00a0\u00bb#000000&Prime; _builder_version=\u00a0\u00bb4.18.0&Prime; _module_preset=\u00a0\u00bbdefault\u00a0\u00bb width=\u00a0\u00bb100%\u00a0\u00bb max_width=\u00a0\u00bb100%\u00a0\u00bb min_height=\u00a0\u00bb652px\u00a0\u00bb height=\u00a0\u00bb638px\u00a0\u00bb custom_margin=\u00a0\u00bb-193px||-17px||false|false\u00a0\u00bb custom_padding=\u00a0\u00bb0px||10px||false|false\u00a0\u00bb bottom_divider_style=\u00a0\u00bbslant2&Prime; global_colors_info=\u00a0\u00bb{}\u00a0\u00bb][et_pb_fullwidth_image src=\u00a0\u00bbhttp:\/\/marseille-pare-brise.fr\/wp-content\/uploads\/2022\/09\/glass-g42b9c71a0_1920.jpg\u00a0\u00bb title_text=\u00a0\u00bbglass-g42b9c71a0_1920&Prime; disabled_on=\u00a0\u00bbon|on|off\u00a0\u00bb _builder_version=\u00a0\u00bb4.18.0&Prime; _module_preset=\u00a0\u00bbdefault\u00a0\u00bb background_color=\u00a0\u00bb#000000&Prime; global_colors_info=\u00a0\u00bb{}\u00a0\u00bb][\/et_pb_fullwidth_image][\/et_pb_section][et_pb_section fb_built=\u00a0\u00bb1&Prime; _builder_version=\u00a0\u00bb4.17.6&Prime; _module_preset=\u00a0\u00bbdefault\u00a0\u00bb background_color=\u00a0\u00bb#000000&Prime; custom_padding=\u00a0\u00bb1px||1px||false|false\u00a0\u00bb global_colors_info=\u00a0\u00bb{}\u00a0\u00bb][et_pb_row _builder_version=\u00a0\u00bb4.17.6&Prime; _module_preset=\u00a0\u00bbdefault\u00a0\u00bb global_colors_info=\u00a0\u00bb{}\u00a0\u00bb][et_pb_column type=\u00a0\u00bb4_4&Prime; _builder_version=\u00a0\u00bb4.17.6&Prime; _module_preset=\u00a0\u00bbdefault\u00a0\u00bb global_colors_info=\u00a0\u00bb{}\u00a0\u00bb][et_pb_text _builder_version=\u00a0\u00bb4.17.6&Prime; _module_preset=\u00a0\u00bbdefault\u00a0\u00bb global_colors_info=\u00a0\u00bb{}\u00a0\u00bb]<\/p>\n<h1 style=\"text-align: center;\">PARE-BRISE<\/h1>\n<p>[\/et_pb_text][\/et_pb_column][\/et_pb_row][\/et_pb_section][et_pb_section fb_built=\u00a0\u00bb1&Prime; disabled_on=\u00a0\u00bboff|off|on\u00a0\u00bb _builder_version=\u00a0\u00bb4.18.0&Prime; _module_preset=\u00a0\u00bbdefault\u00a0\u00bb background_color=\u00a0\u00bb#000000&Prime; global_colors_info=\u00a0\u00bb{}\u00a0\u00bb][et_pb_row column_structure=\u00a0\u00bb1_2,1_2&Prime; _builder_version=\u00a0\u00bb4.18.0&Prime; _module_preset=\u00a0\u00bbdefault\u00a0\u00bb global_colors_info=\u00a0\u00bb{}\u00a0\u00bb][et_pb_column type=\u00a0\u00bb1_2&Prime; _builder_version=\u00a0\u00bb4.18.0&Prime; _module_preset=\u00a0\u00bbdefault\u00a0\u00bb global_colors_info=\u00a0\u00bb{}\u00a0\u00bb][et_pb_image src=\u00a0\u00bbhttp:\/\/marseille-pare-brise.fr\/wp-content\/uploads\/2022\/09\/Sans-titre-7.png\u00a0\u00bb _builder_version=\u00a0\u00bb4.18.0&Prime; _module_preset=\u00a0\u00bbdefault\u00a0\u00bb border_width_all=\u00a0\u00bb5px\u00a0\u00bb border_color_all=\u00a0\u00bb#FFED2B\u00a0\u00bb global_colors_info=\u00a0\u00bb{}\u00a0\u00bb][\/et_pb_image][\/et_pb_column][et_pb_column type=\u00a0\u00bb1_2&Prime; _builder_version=\u00a0\u00bb4.18.0&Prime; _module_preset=\u00a0\u00bbdefault\u00a0\u00bb global_colors_info=\u00a0\u00bb{}\u00a0\u00bb][et_pb_text _builder_version=\u00a0\u00bb4.18.0&Prime; _module_preset=\u00a0\u00bbdefault\u00a0\u00bb global_colors_info=\u00a0\u00bb{}\u00a0\u00bb]<\/p>\n<h4><span style=\"color: #ffffff;\"><\/span><\/h4>\n<h4><span style=\"color: #ffffff;\"><\/span><\/h4>\n<h4><span style=\"color: #ffffff;\"><\/span><\/h4>\n<h4><span style=\"color: #ffffff;\" _msthash=\"2847195\" _msttexthash=\"91836719\">Nous sommes agr\u00e9\u00e9s pour r\u00e9parer tous les impacts ou fissures sur votre pare-brise. Nous effectuerons un diagnostic pour \u00e9valuer s\u2019il faut remplacer ou r\u00e9parer votre pare-brise. Bien s\u00fbr nous vous informons des travaux qui sont effectu\u00e9 sur votre v\u00e9hicule. Marseille pare-brise est votre sp\u00e9cialiste du vitrage automobile. Vous pouvez nous rencontrer au 60 av de Montolivet 13004 Marseille.<\/span><\/h4>\n<h4><span style=\"color: #ffffff;\" _msthash=\"3216382\" _msttexthash=\"52209391\">Marseille pare-brise est sp\u00e9cialiste dans la r\u00e9paration ou le remplacement de pare-brise. Petites fissures ou grande, remplacement ou r\u00e9paration nous effectuons tous les travaux sur les pare-brise et sur tous types de pare-brise quelque que soit leur syst\u00e8me de fixation, la marque de votre v\u00e9hicule et son \u00e2ge.<\/span><\/h4>\n<p>[\/et_pb_text][\/et_pb_column][\/et_pb_row][\/et_pb_section][et_pb_section fb_built=\u00a0\u00bb1&Prime; _builder_version=\u00a0\u00bb4.17.6&Prime; _module_preset=\u00a0\u00bbdefault\u00a0\u00bb background_color=\u00a0\u00bb#000000&Prime; custom_padding=\u00a0\u00bb1px||||false|false\u00a0\u00bb global_colors_info=\u00a0\u00bb{}\u00a0\u00bb][et_pb_row column_structure=\u00a0\u00bb1_3,2_3&Prime; _builder_version=\u00a0\u00bb4.17.6&Prime; _module_preset=\u00a0\u00bbdefault\u00a0\u00bb global_colors_info=\u00a0\u00bb{}\u00a0\u00bb][et_pb_column type=\u00a0\u00bb1_3&Prime; _builder_version=\u00a0\u00bb4.17.6&Prime; _module_preset=\u00a0\u00bbdefault\u00a0\u00bb global_colors_info=\u00a0\u00bb{}\u00a0\u00bb][et_pb_image src=\u00a0\u00bbhttp:\/\/marseille-pare-brise.fr\/wp-content\/uploads\/2022\/09\/Sans-titre-6.png\u00a0\u00bb title_text=\u00a0\u00bbSans titre (6)\u00a0\u00bb _builder_version=\u00a0\u00bb4.17.6&Prime; _module_preset=\u00a0\u00bbdefault\u00a0\u00bb border_width_all=\u00a0\u00bb5px\u00a0\u00bb border_color_all=\u00a0\u00bb#FFED2B\u00a0\u00bb global_colors_info=\u00a0\u00bb{}\u00a0\u00bb][\/et_pb_image][\/et_pb_column][et_pb_column type=\u00a0\u00bb2_3&Prime; _builder_version=\u00a0\u00bb4.17.6&Prime; _module_preset=\u00a0\u00bbdefault\u00a0\u00bb global_colors_info=\u00a0\u00bb{}\u00a0\u00bb][et_pb_text _builder_version=\u00a0\u00bb4.17.6&Prime; _module_preset=\u00a0\u00bbdefault\u00a0\u00bb global_colors_info=\u00a0\u00bb{}\u00a0\u00bb]<\/p>\n<h5><span style=\"color: #ffffff;\"><\/span><\/h5>\n<h5><span style=\"color: #ffffff;\"><\/span><\/h5>\n<h5><span style=\"color: #ffffff;\"><\/span><\/h5>\n<h5><span style=\"color: #ffffff;\"><\/span><\/h5>\n<h5><span style=\"color: #ffffff;\"><\/span><\/h5>\n<h5><span style=\"color: #ffffff;\"><\/span><\/h5>\n<h5><span style=\"color: #ffffff;\"><\/span><\/h5>\n<h5><span style=\"color: #ffffff;\"><\/span><\/h5>\n<h5><span style=\"color: #ffffff;\"><\/span><\/h5>\n<h5><span style=\"color: #ffffff;\"><\/span><\/h5>\n<h5><span style=\"color: #ffffff;\"><\/span><\/h5>\n<h5><span style=\"color: #ffffff;\"><\/span><\/h5>\n<h5><span style=\"color: #ffffff;\"><\/span><\/h5>\n<h5 _msthash=\"2507739\" _msttexthash=\"88044216\"><span style=\"color: #ffffff;\" _istranslated=\"1\">Les impacts sur votre pare-brise vous d\u00e9rangent ? <br _istranslated=\"1\" \/>C\u2019est normal, il est temps de vous rendre dans votre centre de vitrage. <br _istranslated=\"1\" \/>Il faut savoir qu\u2019un seul impact peut se d\u00e9grader et cr\u00e9er plusieurs fissures. <\/span><br _istranslated=\"1\" \/><span style=\"color: #ffffff;\" _istranslated=\"1\">N\u2019attendez pas et rendez-vous dans votre centre Marseille Pare-brise pour remplacer ou r\u00e9parer votre pare-brise.<\/span><\/h5>\n<h5 _msthash=\"2855580\" _msttexthash=\"81485560\"><span style=\"color: #ffffff;\" _istranslated=\"1\">Nous sommes experts dans le vitrage avec plus de 10 ans d\u2019exp\u00e9rience, faites-nous confiance et prenez-rendez-vous avec Marseille Pare-brise, un v\u00e9hicule de pr\u00eat est \u00e0 votre disposition. <\/span> <br _istranslated=\"1\" \/><span style=\"color: #ffffff;\" _istranslated=\"1\">Appelez-nous pour \u00e9changer et n\u2019h\u00e9sitez pas \u00e0 passer dans notre centre pour nous montrer les impacts ou fissures sur votre pare-brise.<\/span><\/h5>\n<p>[\/et_pb_text][\/et_pb_column][\/et_pb_row][\/et_pb_section][et_pb_section fb_built=\u00a0\u00bb1&Prime; disabled_on=\u00a0\u00bbon|on|off\u00a0\u00bb _builder_version=\u00a0\u00bb4.18.0&Prime; _module_preset=\u00a0\u00bbdefault\u00a0\u00bb background_color=\u00a0\u00bb#000000&Prime; custom_margin=\u00a0\u00bb-145px||||false|false\u00a0\u00bb custom_padding=\u00a0\u00bb1px||||false|false\u00a0\u00bb global_colors_info=\u00a0\u00bb{}\u00a0\u00bb][et_pb_row column_structure=\u00a0\u00bb2_3,1_3&Prime; _builder_version=\u00a0\u00bb4.17.6&Prime; _module_preset=\u00a0\u00bbdefault\u00a0\u00bb global_colors_info=\u00a0\u00bb{}\u00a0\u00bb][et_pb_column type=\u00a0\u00bb2_3&Prime; _builder_version=\u00a0\u00bb4.17.6&Prime; _module_preset=\u00a0\u00bbdefault\u00a0\u00bb global_colors_info=\u00a0\u00bb{}\u00a0\u00bb][et_pb_text _builder_version=\u00a0\u00bb4.18.0&Prime; _module_preset=\u00a0\u00bbdefault\u00a0\u00bb global_colors_info=\u00a0\u00bb{}\u00a0\u00bb]<\/p>\n<p><span style=\"color: #ffffff;\"><\/span><\/p>\n<h4><span style=\"color: #ffffff;\"><\/span><\/h4>\n<h4><span style=\"color: #ffffff;\"><\/span><\/h4>\n<h4><span style=\"color: #ffffff;\"><\/span><\/h4>\n<h4><span style=\"color: #ffffff;\"><\/span><\/h4>\n<h4><span style=\"color: #ffffff;\"><\/span><\/h4>\n<h4><span style=\"color: #ffffff;\"><\/span><\/h4>\n<h4><span style=\"color: #ffffff;\"><\/span><\/h4>\n<h4><span style=\"color: #ffffff;\"><\/span><\/h4>\n<h4><span style=\"color: #ffffff;\"><\/span><\/h4>\n<h4><span style=\"color: #ffffff;\"><\/span><\/h4>\n<h4><span style=\"color: #ffffff;\"><\/span><\/h4>\n<h4><span style=\"color: #ffffff;\"><\/span><\/h4>\n<h4><span style=\"color: #ffffff;\"><\/span><\/h4>\n<h4><span style=\"color: #ffffff;\" _msthash=\"2847195\" _msttexthash=\"91836719\">Nous sommes agr\u00e9\u00e9s pour r\u00e9parer tous les impacts ou fissures sur votre pare-brise. Nous effectuerons un diagnostic pour \u00e9valuer s\u2019il faut remplacer ou r\u00e9parer votre pare-brise. Bien s\u00fbr nous vous informons des travaux qui sont effectu\u00e9 sur votre v\u00e9hicule. Marseille pare-brise est votre sp\u00e9cialiste du vitrage automobile. Vous pouvez nous rencontrer au 60 av de Montolivet 13004 Marseille.<\/span><\/h4>\n<h4><span style=\"color: #ffffff;\" _msthash=\"3216382\" _msttexthash=\"52209391\">Marseille pare-brise est sp\u00e9cialiste dans la r\u00e9paration ou le remplacement de pare-brise. Petites fissures ou grande, remplacement ou r\u00e9paration nous effectuons tous les travaux sur les pare-brise et sur tous types de pare-brise quelque que soit leur syst\u00e8me de fixation, la marque de votre v\u00e9hicule et son \u00e2ge.<\/span><\/h4>\n<p>[\/et_pb_text][\/et_pb_column][et_pb_column type=\u00a0\u00bb1_3&Prime; _builder_version=\u00a0\u00bb4.17.6&Prime; _module_preset=\u00a0\u00bbdefault\u00a0\u00bb global_colors_info=\u00a0\u00bb{}\u00a0\u00bb][et_pb_image src=\u00a0\u00bbhttp:\/\/marseille-pare-brise.fr\/wp-content\/uploads\/2022\/09\/Sans-titre-7.png\u00a0\u00bb title_text=\u00a0\u00bbSans titre (7)\u00a0\u00bb _builder_version=\u00a0\u00bb4.17.6&Prime; _module_preset=\u00a0\u00bbdefault\u00a0\u00bb border_width_all=\u00a0\u00bb5px\u00a0\u00bb border_color_all=\u00a0\u00bb#FFED2B\u00a0\u00bb global_colors_info=\u00a0\u00bb{}\u00a0\u00bb][\/et_pb_image][\/et_pb_column][\/et_pb_row][\/et_pb_section][et_pb_section fb_built=\u00a0\u00bb1&Prime; disabled_on=\u00a0\u00bbon|on|on\u00a0\u00bb _builder_version=\u00a0\u00bb4.18.0&Prime; _module_preset=\u00a0\u00bbdefault\u00a0\u00bb background_color=\u00a0\u00bb#000000&Prime; custom_margin=\u00a0\u00bb-199px||||false|false\u00a0\u00bb custom_padding=\u00a0\u00bb1px||||false|false\u00a0\u00bb disabled=\u00a0\u00bbon\u00a0\u00bb global_colors_info=\u00a0\u00bb{}\u00a0\u00bb][et_pb_row column_structure=\u00a0\u00bb1_2,1_2&Prime; _builder_version=\u00a0\u00bb4.17.6&Prime; _module_preset=\u00a0\u00bbdefault\u00a0\u00bb global_colors_info=\u00a0\u00bb{}\u00a0\u00bb][et_pb_column type=\u00a0\u00bb1_2&Prime; _builder_version=\u00a0\u00bb4.17.6&Prime; _module_preset=\u00a0\u00bbdefault\u00a0\u00bb global_colors_info=\u00a0\u00bb{}\u00a0\u00bb][et_pb_image src=\u00a0\u00bbhttp:\/\/marseille-pare-brise.fr\/wp-content\/uploads\/2022\/09\/DIAGNOsTIC.png\u00a0\u00bb title_text=\u00a0\u00bbDIAGNOsTIC\u00a0\u00bb _builder_version=\u00a0\u00bb4.18.0&Prime; _module_preset=\u00a0\u00bbdefault\u00a0\u00bb border_width_all=\u00a0\u00bb5px\u00a0\u00bb border_color_all=\u00a0\u00bb#FFED2B\u00a0\u00bb global_colors_info=\u00a0\u00bb{}\u00a0\u00bb][\/et_pb_image][\/et_pb_column][et_pb_column type=\u00a0\u00bb1_2&Prime; _builder_version=\u00a0\u00bb4.17.6&Prime; _module_preset=\u00a0\u00bbdefault\u00a0\u00bb global_colors_info=\u00a0\u00bb{}\u00a0\u00bb][et_pb_text _builder_version=\u00a0\u00bb4.17.6&Prime; _module_preset=\u00a0\u00bbdefault\u00a0\u00bb global_colors_info=\u00a0\u00bb{}\u00a0\u00bb]<\/p>\n<h5><span style=\"color: #ffffff;\"><\/span><\/h5>\n<h2><span style=\"color: #ffffff;\"><\/span><\/h2>\n<h2><span style=\"color: #ffffff;\"><\/span><\/h2>\n<h2><span style=\"color: #ffffff;\"><\/span><\/h2>\n<h2><span style=\"color: #ffffff;\"><\/span><\/h2>\n<h2><span style=\"color: #ffffff;\"><\/span><\/h2>\n<h2><span style=\"color: #ffffff;\"><\/span><\/h2>\n<h2><span style=\"color: #ffffff;\"><\/span><\/h2>\n<h2><span style=\"color: #ffffff;\"><\/span><\/h2>\n<h2><span style=\"color: #ffffff;\"><\/span><\/h2>\n<h2><span style=\"color: #ffffff;\"><\/span><\/h2>\n<h2><span style=\"color: #ffffff;\"><\/span><\/h2>\n<h2><span style=\"color: #ffffff;\"><\/span><\/h2>\n<h2><span style=\"color: #ffffff;\"><\/span><\/h2>\n<h2><span style=\"color: #ffffff;\"><\/span><\/h2>\n<h2><span style=\"color: #ffffff;\"><\/span><\/h2>\n<h2><span style=\"color: #ffffff;\"><\/span><\/h2>\n<h2><span style=\"color: #ffffff;\"><\/span><\/h2>\n<h2><span style=\"color: #ffffff;\"><\/span><\/h2>\n<h2><span style=\"color: #ffffff;\"><\/span><\/h2>\n<h2><span style=\"color: #ffffff;\"><\/span><\/h2>\n<h2><span style=\"color: #ffffff;\"><\/span><\/h2>\n<h2><span style=\"color: #ffffff;\"><\/span><\/h2>\n<h2><span style=\"color: #ffffff;\"><\/span><\/h2>\n<h2><span style=\"color: #ffffff;\" _msthash=\"7501065\" _msttexthash=\"145321852\">Avant de d\u00e9cider de changer ou de r\u00e9parer le pare-brise, notre \u00e9quipe d\u2019expert effectue un diagnostic. En fonction des d\u00e9g\u00e2ts nous vous proposons de r\u00e9parer votre pare-brise lorsque c\u2019est possible. Si ce n\u2019est pas possible nous vous proposerons de le remplacer. Nous pensons au bien de votre v\u00e9hicule et de votre s\u00e9curit\u00e9 c\u2019est pour cela que nous effectuons un diagnostic.<\/span><\/h2>\n<p>[\/et_pb_text][\/et_pb_column][\/et_pb_row][\/et_pb_section][et_pb_section fb_built=\u00a0\u00bb1&Prime; _builder_version=\u00a0\u00bb4.18.0&Prime; _module_preset=\u00a0\u00bbdefault\u00a0\u00bb background_color=\u00a0\u00bb#000000&Prime; global_colors_info=\u00a0\u00bb{}\u00a0\u00bb][et_pb_row column_structure=\u00a0\u00bb1_2,1_2&Prime; _builder_version=\u00a0\u00bb4.18.0&Prime; _module_preset=\u00a0\u00bbdefault\u00a0\u00bb global_colors_info=\u00a0\u00bb{}\u00a0\u00bb][et_pb_column type=\u00a0\u00bb1_2&Prime; _builder_version=\u00a0\u00bb4.18.0&Prime; _module_preset=\u00a0\u00bbdefault\u00a0\u00bb global_colors_info=\u00a0\u00bb{}\u00a0\u00bb][et_pb_image src=\u00a0\u00bbhttp:\/\/marseille-pare-brise.fr\/wp-content\/uploads\/2022\/10\/DIAGNOsTIC-4.png\u00a0\u00bb title_text=\u00a0\u00bbDIAGNOsTIC (4)\u00a0\u00bb _builder_version=\u00a0\u00bb4.18.0&Prime; _module_preset=\u00a0\u00bbdefault\u00a0\u00bb border_width_all=\u00a0\u00bb5px\u00a0\u00bb border_color_all=\u00a0\u00bb#FFED2B\u00a0\u00bb global_colors_info=\u00a0\u00bb{}\u00a0\u00bb][\/et_pb_image][\/et_pb_column][et_pb_column type=\u00a0\u00bb1_2&Prime; _builder_version=\u00a0\u00bb4.18.0&Prime; _module_preset=\u00a0\u00bbdefault\u00a0\u00bb global_colors_info=\u00a0\u00bb{}\u00a0\u00bb][et_pb_text _builder_version=\u00a0\u00bb4.18.0&Prime; _module_preset=\u00a0\u00bbdefault\u00a0\u00bb global_colors_info=\u00a0\u00bb{}\u00a0\u00bb]<\/p>\n<p>&nbsp;<\/p>\n<p>&nbsp;<\/p>\n<p>&nbsp;<\/p>\n<p>&nbsp;<\/p>\n<p>&nbsp;<\/p>\n<p _msthash=\"912834\" _msttexthash=\"145321852\"><strong>Avant de d\u00e9cider de changer ou de r\u00e9parer le pare-brise, notre \u00e9quipe d\u2019expert effectue un diagnostic. En fonction des d\u00e9g\u00e2ts nous vous proposons de r\u00e9parer votre pare-brise lorsque c\u2019est possible. Si ce n\u2019est pas possible nous vous proposerons de le remplacer. Nous pensons au bien de votre v\u00e9hicule et de votre s\u00e9curit\u00e9 c\u2019est pour cela que nous effectuons un diagnostic.<\/strong><\/p>\n<p>[\/et_pb_text][\/et_pb_column][\/et_pb_row][\/et_pb_section][et_pb_section fb_built=\u00a0\u00bb1&Prime; _builder_version=\u00a0\u00bb4.17.6&Prime; _module_preset=\u00a0\u00bbdefault\u00a0\u00bb background_color=\u00a0\u00bb#000000&Prime; custom_margin=\u00a0\u00bb38px||||false|false\u00a0\u00bb custom_padding=\u00a0\u00bb1px||||false|false\u00a0\u00bb global_colors_info=\u00a0\u00bb{}\u00a0\u00bb][et_pb_row column_structure=\u00a0\u00bb1_2,1_2&Prime; _builder_version=\u00a0\u00bb4.17.6&Prime; _module_preset=\u00a0\u00bbdefault\u00a0\u00bb global_colors_info=\u00a0\u00bb{}\u00a0\u00bb][et_pb_column type=\u00a0\u00bb1_2&Prime; _builder_version=\u00a0\u00bb4.17.6&Prime; _module_preset=\u00a0\u00bbdefault\u00a0\u00bb global_colors_info=\u00a0\u00bb{}\u00a0\u00bb][et_pb_blurb image=\u00a0\u00bbhttp:\/\/marseille-pare-brise.fr\/wp-content\/uploads\/2022\/10\/DIAGNOsTIC-2.png\u00a0\u00bb _builder_version=\u00a0\u00bb4.17.6&Prime; _module_preset=\u00a0\u00bbdefault\u00a0\u00bb custom_padding=\u00a0\u00bb||0px|||\u00a0\u00bb global_colors_info=\u00a0\u00bb{}\u00a0\u00bb]<\/p>\n<h4 style=\"text-align: center;\" _mstvisible=\"6\"><span style=\"color: #ffffff;\" _msthash=\"384033\" _msttexthash=\"1285531\" _mstvisible=\"7\">Nous rempla\u00e7ons votre pare-brise lorsque :\u00a0<\/span><\/h4>\n<h4 style=\"text-align: center;\" _msthash=\"384034\" _msttexthash=\"25139400\" _mstvisible=\"6\"><span style=\"color: #ffffff;\" _mstvisible=\"7\" _istranslated=\"1\">&#8211; La taille de l\u2019impact est sup\u00e9rieur \u00e0 2,5cm <\/span><br _mstvisible=\"7\" _istranslated=\"1\" \/><span style=\"color: #ffffff;\" _mstvisible=\"7\" _istranslated=\"1\">&#8211; L\u2019impact est devant le volant<\/span><br _mstvisible=\"7\" _istranslated=\"1\" \/><span style=\"color: #ffffff;\" _mstvisible=\"7\" _istranslated=\"1\">&#8211; L\u2019impact est situ\u00e9 \u00e0 moins de 5 cm des bords<\/span><br _mstvisible=\"7\" _istranslated=\"1\" \/><span style=\"color: #ffffff;\" _mstvisible=\"7\" _istranslated=\"1\">&#8211; Il y a plus de 2 impacts<\/span><\/h4>\n<p>[\/et_pb_blurb][\/et_pb_column][et_pb_column type=\u00a0\u00bb1_2&Prime; _builder_version=\u00a0\u00bb4.17.6&Prime; _module_preset=\u00a0\u00bbdefault\u00a0\u00bb global_colors_info=\u00a0\u00bb{}\u00a0\u00bb][et_pb_blurb image=\u00a0\u00bbhttp:\/\/marseille-pare-brise.fr\/wp-content\/uploads\/2022\/10\/DIAGNOsTIC-3.png\u00a0\u00bb _builder_version=\u00a0\u00bb4.17.6&Prime; _module_preset=\u00a0\u00bbdefault\u00a0\u00bb global_colors_info=\u00a0\u00bb{}\u00a0\u00bb]<\/p>\n<h4 style=\"text-align: center;\"><span style=\"color: #ffffff;\">Nous r\u00e9parons votre pare-brise lorsque :\u00a0<\/span><\/h4>\n<h4 style=\"text-align: center;\"><span style=\"color: #ffffff;\">&#8211; Il y a 1 ou 2 impacts maximum.<\/span><br \/><span style=\"color: #ffffff;\">&#8211; L&rsquo;impact se situ hors du champs de vision du conducteur.<\/span><br \/><span style=\"color: #ffffff;\">&#8211; A l&rsquo;apparition de la fissure.<\/span><\/h4>\n<p>[\/et_pb_blurb][\/et_pb_column][\/et_pb_row][\/et_pb_section][et_pb_section fb_built=\u00a0\u00bb1&Prime; _builder_version=\u00a0\u00bb4.17.6&Prime; _module_preset=\u00a0\u00bbdefault\u00a0\u00bb background_color=\u00a0\u00bb#000000&Prime; custom_padding=\u00a0\u00bb1px||||false|false\u00a0\u00bb global_colors_info=\u00a0\u00bb{}\u00a0\u00bb][et_pb_row _builder_version=\u00a0\u00bb4.17.6&Prime; _module_preset=\u00a0\u00bbdefault\u00a0\u00bb global_colors_info=\u00a0\u00bb{}\u00a0\u00bb][et_pb_column type=\u00a0\u00bb4_4&Prime; _builder_version=\u00a0\u00bb4.17.6&Prime; _module_preset=\u00a0\u00bbdefault\u00a0\u00bb global_colors_info=\u00a0\u00bb{}\u00a0\u00bb][et_pb_text _builder_version=\u00a0\u00bb4.17.6&Prime; _module_preset=\u00a0\u00bbdefault\u00a0\u00bb global_colors_info=\u00a0\u00bb{}\u00a0\u00bb]<\/p>\n<h1 style=\"text-align: center;\"><span style=\"color: #ffffff;\">Un l\u00e9ger impact sur votre pare-brise\u00a0?<\/span><\/h1>\n<h1 style=\"text-align: center;\"><span style=\"color: #ffffff;\">N\u2019attendez plus et <span style=\"text-decoration: underline;\"><a href=\"https:\/\/marseille-pare-brise.fr\/?page_id=78\"><span style=\"color: #00ffff; text-decoration: underline;\">contactez-nous<\/span><\/a><\/span> pour prendre rendez-vous pour le r\u00e9parer.<\/span><\/h1>\n<p>[\/et_pb_text][\/et_pb_column][\/et_pb_row][\/et_pb_section]<\/p>\n","protected":false},"excerpt":{"rendered":"<p>PARE-BRISE Nous sommes agr\u00e9\u00e9s pour r\u00e9parer tous les impacts ou fissures sur votre pare-brise. Nous effectuerons un diagnostic pour \u00e9valuer s\u2019il faut remplacer ou r\u00e9parer votre pare-brise. Bien s\u00fbr nous vous informons des travaux qui sont effectu\u00e9 sur votre v\u00e9hicule. Marseille pare-brise est votre sp\u00e9cialiste du vitrage automobile. Vous pouvez nous rencontrer au 60 av [&hellip;]<\/p>\n","protected":false},"author":1,"featured_media":0,"parent":0,"menu_order":0,"comment_status":"closed","ping_status":"closed","template":"","meta":{"_et_pb_use_builder":"on","_et_pb_old_content":"<!-- wp:divi\/placeholder \/-->","_et_gb_content_width":"","om_disable_all_campaigns":false,"_monsterinsights_skip_tracking":false,"_monsterinsights_sitenote_active":false,"_monsterinsights_sitenote_note":"","_monsterinsights_sitenote_category":0,"footnotes":""},"class_list":["post-67","page","type-page","status-publish","hentry"],"aioseo_notices":[],"_links":{"self":[{"href":"https:\/\/marseille-pare-brise.fr\/index.php?rest_route=\/wp\/v2\/pages\/67","targetHints":{"allow":["GET"]}}],"collection":[{"href":"https:\/\/marseille-pare-brise.fr\/index.php?rest_route=\/wp\/v2\/pages"}],"about":[{"href":"https:\/\/marseille-pare-brise.fr\/index.php?rest_route=\/wp\/v2\/types\/page"}],"author":[{"embeddable":true,"href":"https:\/\/marseille-pare-brise.fr\/index.php?rest_route=\/wp\/v2\/users\/1"}],"replies":[{"embeddable":true,"href":"https:\/\/marseille-pare-brise.fr\/index.php?rest_route=%2Fwp%2Fv2%2Fcomments&post=67"}],"version-history":[{"count":16,"href":"https:\/\/marseille-pare-brise.fr\/index.php?rest_route=\/wp\/v2\/pages\/67\/revisions"}],"predecessor-version":[{"id":273,"href":"https:\/\/marseille-pare-brise.fr\/index.php?rest_route=\/wp\/v2\/pages\/67\/revisions\/273"}],"wp:attachment":[{"href":"https:\/\/marseille-pare-brise.fr\/index.php?rest_route=%2Fwp%2Fv2%2Fmedia&parent=67"}],"curies":[{"name":"wp","href":"https:\/\/api.w.org\/{rel}","templated":true}]}}